{"id":4278,"date":"2024-07-02T09:26:35","date_gmt":"2024-07-02T09:26:35","guid":{"rendered":"https:\/\/www.blockchainresearch.ch\/bicta\/"},"modified":"2024-07-08T09:17:20","modified_gmt":"2024-07-08T09:17:20","slug":"bicta","status":"publish","type":"page","link":"https:\/\/www.blockchainresearch.ch\/fr\/bicta\/","title":{"rendered":"BICTA"},"content":{"rendered":"<p><div class=\"fusion-fullwidth fullwidth-box fusion-builder-row-1 fusion-flex-container has-pattern-background has-mask-background nonhundred-percent-fullwidth non-hundred-percent-height-scrolling\" style=\"--awb-border-radius-top-left:0px;--awb-border-radius-top-right:0px;--awb-border-radius-bottom-right:0px;--awb-border-radius-bottom-left:0px;--awb-margin-top:40px;--awb-margin-bottom:40px;--awb-flex-wrap:wrap;\" ><div class=\"fusion-builder-row fusion-row fusion-flex-align-items-flex-start fusion-flex-content-wrap\" style=\"max-width:1372.8px;margin-left: calc(-4% \/ 2 );margin-right: calc(-4% \/ 2 );\"><div class=\"fusion-layout-column fusion_builder_column fusion-builder-column-0 fusion_builder_column_2_5 2_5 fusion-flex-column fusion-flex-align-self-stretch\" style=\"--awb-overflow:hidden;--awb-bg-size:cover;--awb-border-radius:0px 0px 0px 25px;--awb-width-large:40%;--awb-margin-top-large:0px;--awb-spacing-right-large:4.8%;--awb-margin-bottom-large:0px;--awb-spacing-left-large:4.8%;--awb-width-medium:40%;--awb-order-medium:0;--awb-spacing-right-medium:4.8%;--awb-spacing-left-medium:4.8%;--awb-width-small:100%;--awb-order-small:0;--awb-spacing-right-small:1.92%;--awb-spacing-left-small:1.92%;\"><div class=\"fusion-column-wrapper fusion-column-has-shadow fusion-flex-justify-content-flex-start fusion-content-layout-column\"><div class=\"fusion-image-element \" style=\"--awb-aspect-ratio: 100 \/ 94;--awb-caption-title-font-family:var(--h2_typography-font-family);--awb-caption-title-font-weight:var(--h2_typography-font-weight);--awb-caption-title-font-style:var(--h2_typography-font-style);--awb-caption-title-size:var(--h2_typography-font-size);--awb-caption-title-transform:var(--h2_typography-text-transform);--awb-caption-title-line-height:var(--h2_typography-line-height);--awb-caption-title-letter-spacing:var(--h2_typography-letter-spacing);\"><span class=\" fusion-imageframe imageframe-none imageframe-1 hover-type-none has-aspect-ratio\" style=\"border-radius:0px 0px 50px 0px;\"><img decoding=\"async\" width=\"1100\" height=\"772\" title=\"bicta\" src=\"https:\/\/www.blockchainresearch.ch\/wp-content\/uploads\/2024\/07\/bicta.jpg\" data-orig-src=\"https:\/\/www.blockchainresearch.ch\/wp-content\/uploads\/2024\/07\/bicta.jpg\" class=\"lazyload img-responsive wp-image-3939 img-with-aspect-ratio\" data-parent-fit=\"cover\" data-parent-container=\".fusion-image-element\" alt srcset=\"data:image\/svg+xml,%3Csvg%20xmlns%3D%27http%3A%2F%2Fwww.w3.org%2F2000%2Fsvg%27%20width%3D%271100%27%20height%3D%27772%27%20viewBox%3D%270%200%201100%20772%27%3E%3Crect%20width%3D%271100%27%20height%3D%27772%27%20fill-opacity%3D%220%22%2F%3E%3C%2Fsvg%3E\" data-srcset=\"https:\/\/www.blockchainresearch.ch\/wp-content\/uploads\/2024\/07\/bicta-200x140.jpg 200w, https:\/\/www.blockchainresearch.ch\/wp-content\/uploads\/2024\/07\/bicta-400x281.jpg 400w, https:\/\/www.blockchainresearch.ch\/wp-content\/uploads\/2024\/07\/bicta-600x421.jpg 600w, https:\/\/www.blockchainresearch.ch\/wp-content\/uploads\/2024\/07\/bicta-800x561.jpg 800w, https:\/\/www.blockchainresearch.ch\/wp-content\/uploads\/2024\/07\/bicta.jpg 1100w\" data-sizes=\"auto\" data-orig-sizes=\"(max-width: 850px) 100vw, 600px\" \/><\/span><\/div><\/div><\/div><div class=\"fusion-layout-column fusion_builder_column fusion-builder-column-1 fusion_builder_column_3_5 3_5 fusion-flex-column\" style=\"--awb-padding-top:15px;--awb-padding-left:50px;--awb-padding-top-small:60px;--awb-padding-left-small:0px;--awb-bg-size:cover;--awb-width-large:60%;--awb-margin-top-large:0px;--awb-spacing-right-large:3.2%;--awb-margin-bottom-large:0px;--awb-spacing-left-large:3.2%;--awb-width-medium:60%;--awb-order-medium:0;--awb-spacing-right-medium:3.2%;--awb-spacing-left-medium:3.2%;--awb-width-small:100%;--awb-order-small:0;--awb-spacing-right-small:1.92%;--awb-spacing-left-small:1.92%;\"><div class=\"fusion-column-wrapper fusion-column-has-shadow fusion-flex-justify-content-flex-start fusion-content-layout-column\"><div class=\"fusion-title title fusion-title-1 fusion-sep-none fusion-title-text fusion-title-size-two\" style=\"--awb-margin-top:0px;--awb-margin-bottom:40px;--awb-margin-top-small:10px;--awb-margin-right-small:0px;--awb-margin-bottom-small:40px;--awb-margin-left-small:0px;--awb-font-size:28px;\"><h2 class=\"fusion-title-heading title-heading-left\" style=\"margin:0;text-transform:none;font-size:1em;line-height:32px;\">L\u2019int\u00e9gration des comp\u00e9tences dans le domaine financier, bancaire et technologique nous a conduit au d\u00e9veloppement de BICTA, la plateforme logicielle que les organisations peuvent utiliser pour rapprocher automatiquement tous les encaissements et les paiements, y compris les applications tierces.<\/h2><\/div><div class=\"fusion-text fusion-text-1\" style=\"--awb-margin-top:15px;\"><p>Cette solution fournit aux directeurs financiers, aux tr\u00e9soriers et aux gestionnaires de cr\u00e9dit une vue en temps r\u00e9el de la situation financi\u00e8re de l\u2019entreprise.<\/p>\n<p>BICTA est un v\u00e9ritable synchroniseur de tous les modes de paiement, d\u2019encaissement et de reporting (bancaire, Open Banking PSP, PayPal, Amazon, SETEFI\/Nexi, facture \u00e9lectronique SDI) qui, \u00e0 travers le middleware WikiHUB, active le service en le rendant imm\u00e9diatement utilisable au sein de la plateforme, dans les syst\u00e8mes de gestion ou sur les sites Internet des clients.<\/p>\n<p>Constamment mise \u00e0 jour par Blockchain Research sur la base des nouvelles r\u00e9glementations internationales et des \u00e9volutions technologiques, cette solution est mise en \u0153uvre et soutenue par notre soci\u00e9t\u00e9 op\u00e9rant sur le territoire italien, Wiki Software International.<\/p>\n<\/div><div ><a class=\"fusion-button button-flat fusion-button-default-size button-custom fusion-button-default button-1 fusion-button-default-span fusion-button-default-type\" style=\"--button_bevel_color:var(--awb-color5);--button_bevel_color_hover:var(--awb-color8);--button_accent_color:var(--awb-color8);--button_border_color:var(--awb-color4);--button_accent_hover_color:var(--awb-color1);--button_border_hover_color:var(--awb-color5);--button_border_width-top:2px;--button_border_width-right:2px;--button_border_width-bottom:2px;--button_border_width-left:2px;--button_gradient_top_color:hsla(var(--awb-color1-h),var(--awb-color1-s),var(--awb-color1-l),calc(var(--awb-color1-a) - 100%));--button_gradient_bottom_color:hsla(var(--awb-color1-h),var(--awb-color1-s),var(--awb-color1-l),calc(var(--awb-color1-a) - 100%));--button_gradient_top_color_hover:var(--awb-color5);--button_gradient_bottom_color_hover:var(--awb-color5);--button_text_transform:none;--button_font_size:var(--awb-typography3-font-size);--button_line_height:var(--awb-typography3-line-height);--button_padding-top:20px;--button_padding-right:40px;--button_padding-bottom:20px;--button_padding-left:40px;--button_typography-letter-spacing:var(--awb-typography3-letter-spacing);--button_typography-font-family:var(--awb-typography3-font-family);--button_typography-font-weight:var(--awb-typography3-font-weight);--button_typography-font-style:var(--awb-typography3-font-style);--button_margin-top:40px;\" target=\"_blank\" rel=\"noopener noreferrer\" href=\"\/wp-content\/uploads\/2024\/07\/brochure_bicta_en.pdf\"><span class=\"fusion-button-text awb-button__text awb-button__text--default\">Pour en savoir plus sur BICTA, t\u00e9l\u00e9chargez la brochure <\/span><i class=\"awb-business-long-arrow-alt-right-solid awb-button__icon awb-button__icon--default button-icon-right\" aria-hidden=\"true\"><\/i><\/a><\/div><\/div><\/div><\/div><\/div><div class=\"fusion-fullwidth fullwidth-box fusion-builder-row-2 fusion-flex-container has-pattern-background has-mask-background nonhundred-percent-fullwidth non-hundred-percent-height-scrolling\" style=\"--awb-border-radius-top-left:0px;--awb-border-radius-top-right:0px;--awb-border-radius-bottom-right:0px;--awb-border-radius-bottom-left:0px;--awb-margin-top:40px;--awb-flex-wrap:wrap;\" ><div class=\"fusion-builder-row fusion-row fusion-flex-align-items-flex-start fusion-flex-content-wrap\" style=\"max-width:1372.8px;margin-left: calc(-4% \/ 2 );margin-right: calc(-4% \/ 2 );\"><div class=\"fusion-layout-column fusion_builder_column fusion-builder-column-2 fusion_builder_column_1_1 1_1 fusion-flex-column\" style=\"--awb-bg-size:cover;--awb-width-large:100%;--awb-margin-top-large:0px;--awb-spacing-right-large:1.92%;--awb-margin-bottom-large:20px;--awb-spacing-left-large:1.92%;--awb-width-medium:100%;--awb-order-medium:0;--awb-spacing-right-medium:1.92%;--awb-spacing-left-medium:1.92%;--awb-width-small:100%;--awb-order-small:0;--awb-spacing-right-small:1.92%;--awb-spacing-left-small:1.92%;\"><div class=\"fusion-column-wrapper fusion-column-has-shadow fusion-flex-justify-content-flex-start fusion-content-layout-column\"><div class=\"fusion-image-element \" style=\"text-align:center;--awb-caption-title-font-family:var(--h2_typography-font-family);--awb-caption-title-font-weight:var(--h2_typography-font-weight);--awb-caption-title-font-style:var(--h2_typography-font-style);--awb-caption-title-size:var(--h2_typography-font-size);--awb-caption-title-transform:var(--h2_typography-text-transform);--awb-caption-title-line-height:var(--h2_typography-line-height);--awb-caption-title-letter-spacing:var(--h2_typography-letter-spacing);\"><span class=\" fusion-imageframe imageframe-none imageframe-2 hover-type-none\"><img decoding=\"async\" width=\"1800\" height=\"1013\" title=\"infografica_wiki\" src=\"https:\/\/www.blockchainresearch.ch\/wp-content\/uploads\/2024\/07\/infografica_wiki.jpg\" data-orig-src=\"https:\/\/www.blockchainresearch.ch\/wp-content\/uploads\/2024\/07\/infografica_wiki.jpg\" alt class=\"lazyload img-responsive wp-image-3909\" srcset=\"data:image\/svg+xml,%3Csvg%20xmlns%3D%27http%3A%2F%2Fwww.w3.org%2F2000%2Fsvg%27%20width%3D%271800%27%20height%3D%271013%27%20viewBox%3D%270%200%201800%201013%27%3E%3Crect%20width%3D%271800%27%20height%3D%271013%27%20fill-opacity%3D%220%22%2F%3E%3C%2Fsvg%3E\" data-srcset=\"https:\/\/www.blockchainresearch.ch\/wp-content\/uploads\/2024\/07\/infografica_wiki-200x113.jpg 200w, https:\/\/www.blockchainresearch.ch\/wp-content\/uploads\/2024\/07\/infografica_wiki-400x225.jpg 400w, https:\/\/www.blockchainresearch.ch\/wp-content\/uploads\/2024\/07\/infografica_wiki-600x338.jpg 600w, https:\/\/www.blockchainresearch.ch\/wp-content\/uploads\/2024\/07\/infografica_wiki-800x450.jpg 800w, https:\/\/www.blockchainresearch.ch\/wp-content\/uploads\/2024\/07\/infografica_wiki-1200x675.jpg 1200w, https:\/\/www.blockchainresearch.ch\/wp-content\/uploads\/2024\/07\/infografica_wiki.jpg 1800w\" data-sizes=\"auto\" data-orig-sizes=\"(max-width: 850px) 100vw, 1800px\" \/><\/span><\/div><\/div><\/div><\/div><\/div><\/p>\n","protected":false},"excerpt":{"rendered":"","protected":false},"author":1,"featured_media":0,"parent":0,"menu_order":0,"comment_status":"closed","ping_status":"closed","template":"100-width.php","meta":{"footnotes":""},"class_list":["post-4278","page","type-page","status-publish","hentry"],"_links":{"self":[{"href":"https:\/\/www.blockchainresearch.ch\/fr\/wp-json\/wp\/v2\/pages\/4278","targetHints":{"allow":["GET"]}}],"collection":[{"href":"https:\/\/www.blockchainresearch.ch\/fr\/wp-json\/wp\/v2\/pages"}],"about":[{"href":"https:\/\/www.blockchainresearch.ch\/fr\/wp-json\/wp\/v2\/types\/page"}],"author":[{"embeddable":true,"href":"https:\/\/www.blockchainresearch.ch\/fr\/wp-json\/wp\/v2\/users\/1"}],"replies":[{"embeddable":true,"href":"https:\/\/www.blockchainresearch.ch\/fr\/wp-json\/wp\/v2\/comments?post=4278"}],"version-history":[{"count":3,"href":"https:\/\/www.blockchainresearch.ch\/fr\/wp-json\/wp\/v2\/pages\/4278\/revisions"}],"predecessor-version":[{"id":4456,"href":"https:\/\/www.blockchainresearch.ch\/fr\/wp-json\/wp\/v2\/pages\/4278\/revisions\/4456"}],"wp:attachment":[{"href":"https:\/\/www.blockchainresearch.ch\/fr\/wp-json\/wp\/v2\/media?parent=4278"}],"curies":[{"name":"wp","href":"https:\/\/api.w.org\/{rel}","templated":true}]}}