{"id":4066,"date":"2022-10-10T17:25:41","date_gmt":"2022-10-10T17:25:41","guid":{"rendered":"https:\/\/www.blockchainresearch.ch\/fintech\/"},"modified":"2024-07-04T13:15:57","modified_gmt":"2024-07-04T13:15:57","slug":"fintech","status":"publish","type":"page","link":"https:\/\/www.blockchainresearch.ch\/fr\/fintech\/","title":{"rendered":"Fintech"},"content":{"rendered":"<div class=\"fusion-fullwidth fullwidth-box fusion-builder-row-1 fusion-flex-container has-pattern-background has-mask-background nonhundred-percent-fullwidth non-hundred-percent-height-scrolling\" style=\"--awb-border-radius-top-left:0px;--awb-border-radius-top-right:0px;--awb-border-radius-bottom-right:0px;--awb-border-radius-bottom-left:0px;--awb-margin-top:40px;--awb-margin-bottom:40px;--awb-flex-wrap:wrap;\" ><div class=\"fusion-builder-row fusion-row fusion-flex-align-items-flex-start fusion-flex-content-wrap\" style=\"max-width:1372.8px;margin-left: calc(-4% \/ 2 );margin-right: calc(-4% \/ 2 );\"><div class=\"fusion-layout-column fusion_builder_column fusion-builder-column-0 fusion_builder_column_2_5 2_5 fusion-flex-column fusion-flex-align-self-stretch\" style=\"--awb-overflow:hidden;--awb-bg-size:cover;--awb-border-radius:0px 0px 0px 25px;--awb-width-large:40%;--awb-margin-top-large:0px;--awb-spacing-right-large:4.8%;--awb-margin-bottom-large:0px;--awb-spacing-left-large:4.8%;--awb-width-medium:40%;--awb-order-medium:0;--awb-spacing-right-medium:4.8%;--awb-spacing-left-medium:4.8%;--awb-width-small:100%;--awb-order-small:0;--awb-spacing-right-small:1.92%;--awb-spacing-left-small:1.92%;\"><div class=\"fusion-column-wrapper fusion-column-has-shadow fusion-flex-justify-content-flex-start fusion-content-layout-column\"><div class=\"fusion-image-element \" style=\"--awb-aspect-ratio: 100 \/ 93;--awb-caption-title-font-family:var(--h2_typography-font-family);--awb-caption-title-font-weight:var(--h2_typography-font-weight);--awb-caption-title-font-style:var(--h2_typography-font-style);--awb-caption-title-size:var(--h2_typography-font-size);--awb-caption-title-transform:var(--h2_typography-text-transform);--awb-caption-title-line-height:var(--h2_typography-line-height);--awb-caption-title-letter-spacing:var(--h2_typography-letter-spacing);\"><span class=\" fusion-imageframe imageframe-none imageframe-1 hover-type-none has-aspect-ratio\"><img decoding=\"async\" width=\"1100\" height=\"772\" title=\"fintech\" src=\"https:\/\/www.blockchainresearch.ch\/wp-content\/uploads\/2024\/07\/fintech.jpg\" data-orig-src=\"https:\/\/www.blockchainresearch.ch\/wp-content\/uploads\/2024\/07\/fintech.jpg\" class=\"lazyload img-responsive wp-image-3930 img-with-aspect-ratio\" data-parent-fit=\"cover\" data-parent-container=\".fusion-image-element\" alt srcset=\"data:image\/svg+xml,%3Csvg%20xmlns%3D%27http%3A%2F%2Fwww.w3.org%2F2000%2Fsvg%27%20width%3D%271100%27%20height%3D%27772%27%20viewBox%3D%270%200%201100%20772%27%3E%3Crect%20width%3D%271100%27%20height%3D%27772%27%20fill-opacity%3D%220%22%2F%3E%3C%2Fsvg%3E\" data-srcset=\"https:\/\/www.blockchainresearch.ch\/wp-content\/uploads\/2024\/07\/fintech-200x140.jpg 200w, https:\/\/www.blockchainresearch.ch\/wp-content\/uploads\/2024\/07\/fintech-400x281.jpg 400w, https:\/\/www.blockchainresearch.ch\/wp-content\/uploads\/2024\/07\/fintech-600x421.jpg 600w, https:\/\/www.blockchainresearch.ch\/wp-content\/uploads\/2024\/07\/fintech-800x561.jpg 800w, https:\/\/www.blockchainresearch.ch\/wp-content\/uploads\/2024\/07\/fintech.jpg 1100w\" data-sizes=\"auto\" data-orig-sizes=\"(max-width: 850px) 100vw, 600px\" \/><\/span><\/div><\/div><\/div><div class=\"fusion-layout-column fusion_builder_column fusion-builder-column-1 fusion_builder_column_3_5 3_5 fusion-flex-column\" style=\"--awb-padding-top:15px;--awb-padding-left:50px;--awb-padding-top-small:60px;--awb-padding-left-small:0px;--awb-bg-size:cover;--awb-width-large:60%;--awb-margin-top-large:0px;--awb-spacing-right-large:3.2%;--awb-margin-bottom-large:0px;--awb-spacing-left-large:3.2%;--awb-width-medium:60%;--awb-order-medium:0;--awb-spacing-right-medium:3.2%;--awb-spacing-left-medium:3.2%;--awb-width-small:100%;--awb-order-small:0;--awb-spacing-right-small:1.92%;--awb-spacing-left-small:1.92%;\"><div class=\"fusion-column-wrapper fusion-column-has-shadow fusion-flex-justify-content-flex-start fusion-content-layout-column\"><div class=\"fusion-title title fusion-title-1 fusion-sep-none fusion-title-text fusion-title-size-two\" style=\"--awb-margin-top:0px;--awb-margin-bottom:40px;--awb-margin-top-small:10px;--awb-margin-right-small:0px;--awb-margin-bottom-small:40px;--awb-margin-left-small:0px;--awb-font-size:28px;\"><h2 class=\"fusion-title-heading title-heading-left\" style=\"margin:0;text-transform:none;font-size:1em;line-height:32px;\">Pour optimiser la gestion des activit\u00e9s financi\u00e8res, il est aujourd\u2019hui essentiel de s\u2019appuyer sur des solutions technologiques avanc\u00e9es.<\/h2><\/div><div class=\"fusion-text fusion-text-1\"><p>La complexit\u00e9 doit \u00eatre g\u00e9r\u00e9e \u00e0 travers des syst\u00e8mes num\u00e9riques et informatiques qui permettent d\u2019automatiser la plupart des op\u00e9rations et de raccourcir les d\u00e9lais, tout en garantissant la conformit\u00e9 r\u00e9glementaire et la s\u00e9curit\u00e9 des donn\u00e9es.<\/p>\n<p>La connaissance des technologies dans le domaine financier (Fintech) constitue notre deuxi\u00e8me comp\u00e9tence fondamentale, qui nous permet de concevoir et de d\u00e9velopper des solutions permettant aux directeurs financiers et \u00e0 leurs \u00e9quipes d\u2019op\u00e9rer de mani\u00e8re plus rapide, pr\u00e9cise et s\u00e9curis\u00e9e, g\u00e9n\u00e9rant des avantages significatifs pour leurs organisations.<\/p>\n<\/div><\/div><\/div><\/div><\/div>\n","protected":false},"excerpt":{"rendered":"","protected":false},"author":1,"featured_media":0,"parent":0,"menu_order":0,"comment_status":"closed","ping_status":"closed","template":"100-width.php","meta":{"footnotes":""},"class_list":["post-4066","page","type-page","status-publish","hentry"],"_links":{"self":[{"href":"https:\/\/www.blockchainresearch.ch\/fr\/wp-json\/wp\/v2\/pages\/4066","targetHints":{"allow":["GET"]}}],"collection":[{"href":"https:\/\/www.blockchainresearch.ch\/fr\/wp-json\/wp\/v2\/pages"}],"about":[{"href":"https:\/\/www.blockchainresearch.ch\/fr\/wp-json\/wp\/v2\/types\/page"}],"author":[{"embeddable":true,"href":"https:\/\/www.blockchainresearch.ch\/fr\/wp-json\/wp\/v2\/users\/1"}],"replies":[{"embeddable":true,"href":"https:\/\/www.blockchainresearch.ch\/fr\/wp-json\/wp\/v2\/comments?post=4066"}],"version-history":[{"count":3,"href":"https:\/\/www.blockchainresearch.ch\/fr\/wp-json\/wp\/v2\/pages\/4066\/revisions"}],"predecessor-version":[{"id":4250,"href":"https:\/\/www.blockchainresearch.ch\/fr\/wp-json\/wp\/v2\/pages\/4066\/revisions\/4250"}],"wp:attachment":[{"href":"https:\/\/www.blockchainresearch.ch\/fr\/wp-json\/wp\/v2\/media?parent=4066"}],"curies":[{"name":"wp","href":"https:\/\/api.w.org\/{rel}","templated":true}]}}