{"id":4065,"date":"2022-10-10T17:27:37","date_gmt":"2022-10-10T17:27:37","guid":{"rendered":"https:\/\/www.blockchainresearch.ch\/finanza-internazionale\/"},"modified":"2024-07-04T13:15:20","modified_gmt":"2024-07-04T13:15:20","slug":"finanza-internazionale","status":"publish","type":"page","link":"https:\/\/www.blockchainresearch.ch\/fr\/finanza-internazionale\/","title":{"rendered":"Finance internationale"},"content":{"rendered":"<div class=\"fusion-fullwidth fullwidth-box fusion-builder-row-1 fusion-flex-container has-pattern-background has-mask-background nonhundred-percent-fullwidth non-hundred-percent-height-scrolling\" style=\"--awb-border-radius-top-left:0px;--awb-border-radius-top-right:0px;--awb-border-radius-bottom-right:0px;--awb-border-radius-bottom-left:0px;--awb-margin-top:40px;--awb-margin-bottom:40px;--awb-flex-wrap:wrap;\" ><div class=\"fusion-builder-row fusion-row fusion-flex-align-items-flex-start fusion-flex-content-wrap\" style=\"max-width:1372.8px;margin-left: calc(-4% \/ 2 );margin-right: calc(-4% \/ 2 );\"><div class=\"fusion-layout-column fusion_builder_column fusion-builder-column-0 fusion_builder_column_2_5 2_5 fusion-flex-column fusion-flex-align-self-stretch\" style=\"--awb-overflow:hidden;--awb-bg-size:cover;--awb-border-radius:0px 0px 0px 25px;--awb-width-large:40%;--awb-margin-top-large:0px;--awb-spacing-right-large:4.8%;--awb-margin-bottom-large:0px;--awb-spacing-left-large:4.8%;--awb-width-medium:40%;--awb-order-medium:0;--awb-spacing-right-medium:4.8%;--awb-spacing-left-medium:4.8%;--awb-width-small:100%;--awb-order-small:0;--awb-spacing-right-small:1.92%;--awb-spacing-left-small:1.92%;\"><div class=\"fusion-column-wrapper fusion-column-has-shadow fusion-flex-justify-content-flex-start fusion-content-layout-column\"><div class=\"fusion-image-element \" style=\"--awb-aspect-ratio: 100 \/ 93;--awb-caption-title-font-family:var(--h2_typography-font-family);--awb-caption-title-font-weight:var(--h2_typography-font-weight);--awb-caption-title-font-style:var(--h2_typography-font-style);--awb-caption-title-size:var(--h2_typography-font-size);--awb-caption-title-transform:var(--h2_typography-text-transform);--awb-caption-title-line-height:var(--h2_typography-line-height);--awb-caption-title-letter-spacing:var(--h2_typography-letter-spacing);\"><span class=\" fusion-imageframe imageframe-none imageframe-1 hover-type-none has-aspect-ratio\"><img decoding=\"async\" width=\"1100\" height=\"772\" title=\"finanza-internazionale\" src=\"https:\/\/www.blockchainresearch.ch\/wp-content\/uploads\/2024\/07\/finanza-internazionale.jpg\" data-orig-src=\"https:\/\/www.blockchainresearch.ch\/wp-content\/uploads\/2024\/07\/finanza-internazionale.jpg\" class=\"lazyload img-responsive wp-image-3927 img-with-aspect-ratio\" data-parent-fit=\"cover\" data-parent-container=\".fusion-image-element\" alt srcset=\"data:image\/svg+xml,%3Csvg%20xmlns%3D%27http%3A%2F%2Fwww.w3.org%2F2000%2Fsvg%27%20width%3D%271100%27%20height%3D%27772%27%20viewBox%3D%270%200%201100%20772%27%3E%3Crect%20width%3D%271100%27%20height%3D%27772%27%20fill-opacity%3D%220%22%2F%3E%3C%2Fsvg%3E\" data-srcset=\"https:\/\/www.blockchainresearch.ch\/wp-content\/uploads\/2024\/07\/finanza-internazionale-200x140.jpg 200w, https:\/\/www.blockchainresearch.ch\/wp-content\/uploads\/2024\/07\/finanza-internazionale-400x281.jpg 400w, https:\/\/www.blockchainresearch.ch\/wp-content\/uploads\/2024\/07\/finanza-internazionale-600x421.jpg 600w, https:\/\/www.blockchainresearch.ch\/wp-content\/uploads\/2024\/07\/finanza-internazionale-800x561.jpg 800w, https:\/\/www.blockchainresearch.ch\/wp-content\/uploads\/2024\/07\/finanza-internazionale.jpg 1100w\" data-sizes=\"auto\" data-orig-sizes=\"(max-width: 850px) 100vw, 600px\" \/><\/span><\/div><\/div><\/div><div class=\"fusion-layout-column fusion_builder_column fusion-builder-column-1 fusion_builder_column_3_5 3_5 fusion-flex-column\" style=\"--awb-padding-top:15px;--awb-padding-left:50px;--awb-padding-top-small:60px;--awb-padding-left-small:0px;--awb-bg-size:cover;--awb-width-large:60%;--awb-margin-top-large:0px;--awb-spacing-right-large:3.2%;--awb-margin-bottom-large:0px;--awb-spacing-left-large:3.2%;--awb-width-medium:60%;--awb-order-medium:0;--awb-spacing-right-medium:3.2%;--awb-spacing-left-medium:3.2%;--awb-width-small:100%;--awb-order-small:0;--awb-spacing-right-small:1.92%;--awb-spacing-left-small:1.92%;\"><div class=\"fusion-column-wrapper fusion-column-has-shadow fusion-flex-justify-content-flex-start fusion-content-layout-column\"><div class=\"fusion-title title fusion-title-1 fusion-sep-none fusion-title-text fusion-title-size-two\" style=\"--awb-margin-top:0px;--awb-margin-bottom:40px;--awb-margin-top-small:10px;--awb-margin-right-small:0px;--awb-margin-bottom-small:40px;--awb-margin-left-small:0px;--awb-font-size:28px;\"><h2 class=\"fusion-title-heading title-heading-left\" style=\"margin:0;text-transform:none;font-size:1em;line-height:32px;\">Blockchain Research SA est n\u00e9e de l\u2019int\u00e9gration de comp\u00e9tences professionnelles d\u00e9velopp\u00e9es au sein du monde financier et bancaire.<\/h2><\/div><div class=\"fusion-text fusion-text-1\"><p>\u00c0 la base de notre implantation en Suisse se trouve notre capacit\u00e9 \u00e0 aider les entreprises dans la gestion des d\u00e9fis li\u00e9s \u00e0 l\u2019internationalisation, tels que le d\u00e9placement de la tr\u00e9sorerie vers des sites \u00e0 l\u2019\u00e9tranger ou la n\u00e9cessit\u00e9 d\u2019harmoniser les diff\u00e9rents syst\u00e8mes de paiement adopt\u00e9s. C\u2019est dans cette logique que nous avons mis en place un point d\u2019observation et de d\u00e9veloppement privil\u00e9gi\u00e9 sur les th\u00e8mes et les tendances qui se font jour dans le domaine financier.<\/p>\n<p>Ce point de d\u00e9part, qui conna\u00eet une \u00e9volution et un perfectionnement constants, nous permet d\u2019offrir \u00e0 nos clients des services et des solutions pour g\u00e9rer leurs activit\u00e9s financi\u00e8res de mani\u00e8re efficace, efficiente et s\u00fbre.<\/p>\n<\/div><\/div><\/div><\/div><\/div>\n","protected":false},"excerpt":{"rendered":"","protected":false},"author":1,"featured_media":0,"parent":0,"menu_order":0,"comment_status":"closed","ping_status":"closed","template":"100-width.php","meta":{"footnotes":""},"class_list":["post-4065","page","type-page","status-publish","hentry"],"_links":{"self":[{"href":"https:\/\/www.blockchainresearch.ch\/fr\/wp-json\/wp\/v2\/pages\/4065","targetHints":{"allow":["GET"]}}],"collection":[{"href":"https:\/\/www.blockchainresearch.ch\/fr\/wp-json\/wp\/v2\/pages"}],"about":[{"href":"https:\/\/www.blockchainresearch.ch\/fr\/wp-json\/wp\/v2\/types\/page"}],"author":[{"embeddable":true,"href":"https:\/\/www.blockchainresearch.ch\/fr\/wp-json\/wp\/v2\/users\/1"}],"replies":[{"embeddable":true,"href":"https:\/\/www.blockchainresearch.ch\/fr\/wp-json\/wp\/v2\/comments?post=4065"}],"version-history":[{"count":3,"href":"https:\/\/www.blockchainresearch.ch\/fr\/wp-json\/wp\/v2\/pages\/4065\/revisions"}],"predecessor-version":[{"id":4248,"href":"https:\/\/www.blockchainresearch.ch\/fr\/wp-json\/wp\/v2\/pages\/4065\/revisions\/4248"}],"wp:attachment":[{"href":"https:\/\/www.blockchainresearch.ch\/fr\/wp-json\/wp\/v2\/media?parent=4065"}],"curies":[{"name":"wp","href":"https:\/\/api.w.org\/{rel}","templated":true}]}}