{"id":4063,"date":"2024-07-02T10:51:13","date_gmt":"2024-07-02T10:51:13","guid":{"rendered":"https:\/\/www.blockchainresearch.ch\/cookies-policy\/"},"modified":"2024-07-04T14:56:46","modified_gmt":"2024-07-04T14:56:46","slug":"cookies-policy","status":"publish","type":"page","link":"https:\/\/www.blockchainresearch.ch\/fr\/cookies-policy\/","title":{"rendered":"Politique de cookies"},"content":{"rendered":"<div class=\"fusion-fullwidth fullwidth-box fusion-builder-row-1 fusion-flex-container has-pattern-background has-mask-background nonhundred-percent-fullwidth non-hundred-percent-height-scrolling\" style=\"--awb-border-radius-top-left:0px;--awb-border-radius-top-right:0px;--awb-border-radius-bottom-right:0px;--awb-border-radius-bottom-left:0px;--awb-flex-wrap:wrap;\" ><div class=\"fusion-builder-row fusion-row fusion-flex-align-items-flex-start fusion-flex-content-wrap\" style=\"max-width:1372.8px;margin-left: calc(-4% \/ 2 );margin-right: calc(-4% \/ 2 );\"><div class=\"fusion-layout-column fusion_builder_column fusion-builder-column-0 fusion_builder_column_1_1 1_1 fusion-flex-column\" style=\"--awb-bg-size:cover;--awb-width-large:100%;--awb-margin-top-large:0px;--awb-spacing-right-large:1.92%;--awb-margin-bottom-large:20px;--awb-spacing-left-large:1.92%;--awb-width-medium:100%;--awb-order-medium:0;--awb-spacing-right-medium:1.92%;--awb-spacing-left-medium:1.92%;--awb-width-small:100%;--awb-order-small:0;--awb-spacing-right-small:1.92%;--awb-spacing-left-small:1.92%;\"><div class=\"fusion-column-wrapper fusion-column-has-shadow fusion-flex-justify-content-flex-start fusion-content-layout-column\"><div class=\"fusion-text fusion-text-1\"><p>Les informations ci-dessous, relatives \u00e0 l&rsquo;utilisation des\u00a0 <em>cookies<\/em> sur ce site Internet, sont fournies \u00e0 l&rsquo;utilisateur\/navigateur en ex\u00e9cution de la disposition du Garant pour la protection des donn\u00e9es personnelles de la \u00ab <em>Lignes directrices en mati\u00e8re de cookies et autres outils de suivi \u00bb<\/em> du 10 juin 2021 ( Publi\u00e9 au Journal Officiel n\u00b0 163 du 9 juillet 2021 <em>)<\/em> et conform\u00e9ment \u00e0 l&rsquo;art. 13 du RGPD (R\u00e8glement g\u00e9n\u00e9ral sur la protection des donn\u00e9es de l&rsquo;UE n\u00b0 679\/2016).<\/p>\n<p>Les informations sont pr\u00e9par\u00e9es et mises \u00e0 jour par <strong>Blockchain Research SA<\/strong> , dont le si\u00e8ge social est situ\u00e9 Via Cantonale, 110-112 \u2013 6818 Melano (CH).<\/p>\n<p>Il est possible de contacter les m\u00eames coordonn\u00e9es pour exercer les droits pr\u00e9vus par le RGPD en faveur de l&rsquo;int\u00e9ress\u00e9 (articles 15 \u00e0 21 et article 34 du RGPD : par exemple acc\u00e8s, annulation, mise \u00e0 jour, rectification, int\u00e9gration, etc.) .<\/p>\n<p><strong>BISCUITS<\/strong><\/p>\n<p>Les cookies sont g\u00e9n\u00e9ralement des cha\u00eenes de texte que les sites Web (appel\u00e9s \u00e9diteurs ou \u00ab premi\u00e8res parties \u00bb) visit\u00e9s par l&rsquo;utilisateur ou diff\u00e9rents sites Web ou serveurs Web (appel\u00e9s \u00ab tiers \u00bb) placent et stockent &#8211; directement, dans le cas de l&rsquo;\u00e9diteur. et indirectement, c&rsquo;est-\u00e0-dire par l&rsquo;interm\u00e9diaire de ces derniers, dans le cas de \u00ab\u00a0tiers\u00a0\u00bb &#8211; au sein d&rsquo;un terminal \u00e0 la disposition de l&rsquo;utilisateur lui-m\u00eame.<\/p>\n<p>Les terminaux vis\u00e9s sont par exemple un ordinateur, une tablette, un smartphone, ou tout autre appareil capable de stocker des informations. Aujourd&rsquo;hui d\u00e9j\u00e0, et encore plus \u00e0 l&rsquo;avenir, les CD doivent \u00e9galement en faire partie. Appareils IoT (Internet des objets), con\u00e7us pour se connecter au r\u00e9seau et entre eux pour fournir diff\u00e9rents types de services, ne se limitant pas n\u00e9cessairement \u00e0 une simple communication.<\/p>\n<p>Les logiciels de navigation sur Internet et de fonctionnement de ces appareils, par exemple les navigateurs, peuvent stocker des cookies puis les transmettre \u00e0 nouveau aux sites qui les ont g\u00e9n\u00e9r\u00e9s lors d&rsquo;une visite ult\u00e9rieure du m\u00eame utilisateur, conservant ainsi la m\u00e9moire de sa pr\u00e9c\u00e9dente interaction avec un ou plusieurs sites Internet.<\/p>\n<p>Les informations cod\u00e9es dans les cookies peuvent inclure des donn\u00e9es personnelles, telles qu&rsquo;une adresse IP, un nom d&rsquo;utilisateur, un identifiant unique ou une adresse e-mail, mais peuvent \u00e9galement contenir des donn\u00e9es non personnelles, telles que des param\u00e8tres de langue ou des informations sur le type d&rsquo;appareil qu&rsquo;une personne utilise. utilise pour naviguer sur le site.<\/p>\n<p>Les cookies peuvent donc remplir des fonctions importantes et diff\u00e9rentes, notamment surveiller les sessions, stocker des informations sur des configurations sp\u00e9cifiques concernant les utilisateurs qui acc\u00e8dent au serveur, faciliter l&rsquo;utilisation du contenu en ligne, etc. Par exemple, ils peuvent \u00eatre utilis\u00e9s pour suivre les articles d\u2019un panier d\u2019achat en ligne ou les informations utilis\u00e9es pour remplir un formulaire informatique.<\/p>\n<p>Les cookies et, dans une large mesure, les autres outils de suivi peuvent avoir des caract\u00e9ristiques diff\u00e9rentes en termes de temps et donc \u00eatre consid\u00e9r\u00e9s en fonction de leur dur\u00e9e (de session ou permanente), ou d&rsquo;un point de vue subjectif (selon que l&rsquo;\u00e9diteur agit de mani\u00e8re ind\u00e9pendante ou sur pour le compte du \u00ab\u00a0tiers\u00a0\u00bb).<\/p>\n<p>La classification qui r\u00e9pond \u00e0 la logique de la loi et donc aussi aux besoins de protection des personnes, est celle qui repose finalement sur des macro-cat\u00e9gories :<\/p>\n<p>\u2013 <strong>les cookies techniques<\/strong> , utilis\u00e9s dans le seul but \u00ab d&rsquo;effectuer la transmission d&rsquo;une communication sur un r\u00e9seau de communications \u00e9lectroniques, ou dans la mesure strictement n\u00e9cessaire au fournisseur d&rsquo;un service de la soci\u00e9t\u00e9 de l&rsquo;information explicitement demand\u00e9 par le contractant ou l&rsquo;utilisateur pour fournir ce service \u00bb. (voir art. 122, paragraphe 1 du Code);<\/p>\n<p>\u2013 <strong>cookies de profilage<\/strong> , utilis\u00e9s pour remonter \u00e0 des sujets sp\u00e9cifiques, identifi\u00e9s ou identifiables, \u00e0 des actions sp\u00e9cifiques ou \u00e0 des mod\u00e8les de comportement r\u00e9currents dans l&rsquo;utilisation des fonctionnalit\u00e9s propos\u00e9es (mod\u00e8les) dans le but de regrouper les diff\u00e9rents profils au sein de clusters homog\u00e8nes de diff\u00e9rentes tailles, afin que il est possible pour le propri\u00e9taire, entre autres, de moduler \u00e9galement la fourniture du service de mani\u00e8re de plus en plus personnalis\u00e9e au-del\u00e0 de ce qui est strictement n\u00e9cessaire \u00e0 la fourniture du service, ainsi que d&rsquo;envoyer des messages publicitaires cibl\u00e9s, c&rsquo;est-\u00e0-dire en accord avec les pr\u00e9f\u00e9rences. exprim\u00e9 par l\u2019utilisateur lors de sa navigation sur Internet.<\/p>\n<p>\u2013 cookies <strong>de surveillance ou \u00ab <em>d\u2019analyse<\/em> \u00bb<\/strong><\/p>\n<p>Les cookies <em>analytiques<\/em> sont utilis\u00e9s pour collecter des informations statistiques, sous forme agr\u00e9g\u00e9e ou non, sur le nombre d&rsquo;utilisateurs qui acc\u00e8dent au Site et sur la mani\u00e8re dont ils visitent le Site lui-m\u00eame. Le consentement de l&rsquo;utilisateur est n\u00e9cessaire dans le cas de cookies <em>d&rsquo;analyse<\/em> tiers (par exemple Google) qui permettent d&rsquo;identifier l&rsquo;adresse IP de l&rsquo;utilisateur.<\/p>\n<p>Dans le cas contraire, lorsque les conditions \u00e9num\u00e9r\u00e9es ci-dessous sont remplies, ils pourront \u00eatre assimil\u00e9s \u00e0 des cookies techniques et il ne sera pas n\u00e9cessaire d&rsquo;obtenir le consentement de l&rsquo;utilisateur. Il est notamment demand\u00e9 que a) qu&rsquo;elles soient utilis\u00e9es uniquement pour r\u00e9aliser des statistiques globales et en relation avec un seul site ou une seule application mobile, b) qu&rsquo;au moins un quart de l&rsquo;adresse IP soit masqu\u00e9e, c) que des tiers s&rsquo;abstiennent de combiner cookies d&rsquo;analyse, ainsi minimis\u00e9s, avec d&rsquo;autres traitements ou en les transmettant \u00e0 d&rsquo;autres tiers.<\/p>\n<p>Les cookies peuvent \u00e9galement \u00eatre class\u00e9s comme suit\u00a0:<\/p>\n<ul>\n<li><strong>les cookies de session<\/strong> , qui sont supprim\u00e9s imm\u00e9diatement \u00e0 la fermeture du navigateur (par exemple, Internet Explorer, Safari, Google Chrome, etc.) ;<\/li>\n<li><strong>les cookies persistants<\/strong> qui, contrairement aux cookies de session, restent dans l&rsquo;appareil et continuent \u00e0 fonctionner m\u00eame apr\u00e8s la fermeture du navigateur et jusqu&rsquo;\u00e0 ce qu&rsquo;un certain temps se soit \u00e9coul\u00e9\u00a0;<\/li>\n<li><strong>les cookies de premi\u00e8re partie<\/strong> , c&rsquo;est-\u00e0-dire les cookies g\u00e9n\u00e9r\u00e9s et g\u00e9r\u00e9s directement par le gestionnaire du site Internet sur lequel l&rsquo;utilisateur navigue ;<\/li>\n<li><strong>cookies tiers<\/strong> , qui sont g\u00e9n\u00e9r\u00e9s et g\u00e9r\u00e9s par des parties autres que l&rsquo;op\u00e9rateur du site Web sur lequel l&rsquo;utilisateur navigue (g\u00e9n\u00e9ralement en vertu d&rsquo;un contrat entre le propri\u00e9taire du site Web et le tiers).<\/li>\n<\/ul>\n<p><strong>Cookies et autres syst\u00e8mes de suivi pr\u00e9sents sur le site :<\/strong><\/p>\n<\/div><script type=\"text\/javascript\" charset=\"UTF-8\"  data-cookiescriptreport=\"report\" src=\"\/\/report.cookie-script.com\/r\/d429e537211d947e3fea7c7d13c0c3d3.js\"><\/script><\/div><\/div><\/div><\/div>\n","protected":false},"excerpt":{"rendered":"","protected":false},"author":1,"featured_media":0,"parent":0,"menu_order":0,"comment_status":"closed","ping_status":"closed","template":"100-width.php","meta":{"footnotes":""},"class_list":["post-4063","page","type-page","status-publish","hentry"],"_links":{"self":[{"href":"https:\/\/www.blockchainresearch.ch\/fr\/wp-json\/wp\/v2\/pages\/4063","targetHints":{"allow":["GET"]}}],"collection":[{"href":"https:\/\/www.blockchainresearch.ch\/fr\/wp-json\/wp\/v2\/pages"}],"about":[{"href":"https:\/\/www.blockchainresearch.ch\/fr\/wp-json\/wp\/v2\/types\/page"}],"author":[{"embeddable":true,"href":"https:\/\/www.blockchainresearch.ch\/fr\/wp-json\/wp\/v2\/users\/1"}],"replies":[{"embeddable":true,"href":"https:\/\/www.blockchainresearch.ch\/fr\/wp-json\/wp\/v2\/comments?post=4063"}],"version-history":[{"count":8,"href":"https:\/\/www.blockchainresearch.ch\/fr\/wp-json\/wp\/v2\/pages\/4063\/revisions"}],"predecessor-version":[{"id":4400,"href":"https:\/\/www.blockchainresearch.ch\/fr\/wp-json\/wp\/v2\/pages\/4063\/revisions\/4400"}],"wp:attachment":[{"href":"https:\/\/www.blockchainresearch.ch\/fr\/wp-json\/wp\/v2\/media?parent=4063"}],"curies":[{"name":"wp","href":"https:\/\/api.w.org\/{rel}","templated":true}]}}