{"id":4084,"date":"2024-07-02T10:51:13","date_gmt":"2024-07-02T10:51:13","guid":{"rendered":"https:\/\/www.blockchainresearch.ch\/cookies-policy\/"},"modified":"2024-07-04T14:54:39","modified_gmt":"2024-07-04T14:54:39","slug":"cookies-policy","status":"publish","type":"page","link":"https:\/\/www.blockchainresearch.ch\/de\/cookies-policy\/","title":{"rendered":"Cookie-Richtlinie"},"content":{"rendered":"<div class=\"fusion-fullwidth fullwidth-box fusion-builder-row-1 fusion-flex-container has-pattern-background has-mask-background nonhundred-percent-fullwidth non-hundred-percent-height-scrolling\" style=\"--awb-border-radius-top-left:0px;--awb-border-radius-top-right:0px;--awb-border-radius-bottom-right:0px;--awb-border-radius-bottom-left:0px;--awb-flex-wrap:wrap;\" ><div class=\"fusion-builder-row fusion-row fusion-flex-align-items-flex-start fusion-flex-content-wrap\" style=\"max-width:1372.8px;margin-left: calc(-4% \/ 2 );margin-right: calc(-4% \/ 2 );\"><div class=\"fusion-layout-column fusion_builder_column fusion-builder-column-0 fusion_builder_column_1_1 1_1 fusion-flex-column\" style=\"--awb-bg-size:cover;--awb-width-large:100%;--awb-margin-top-large:0px;--awb-spacing-right-large:1.92%;--awb-margin-bottom-large:20px;--awb-spacing-left-large:1.92%;--awb-width-medium:100%;--awb-order-medium:0;--awb-spacing-right-medium:1.92%;--awb-spacing-left-medium:1.92%;--awb-width-small:100%;--awb-order-small:0;--awb-spacing-right-small:1.92%;--awb-spacing-left-small:1.92%;\"><div class=\"fusion-column-wrapper fusion-column-has-shadow fusion-flex-justify-content-flex-start fusion-content-layout-column\"><div class=\"fusion-text fusion-text-1\"><p>Die folgenden Informationen, die sich auf die Verwendung von\u00a0 <em>Cookies<\/em> auf dieser Website beziehen, werden dem Benutzer\/Navigator in Umsetzung der Bestimmung des Garanten zum Schutz personenbezogener Daten der \u201e <em>Cookie-Richtlinien und andere Tracking-Tools\u201c<\/em> vom 10. Juni 2021 zur Verf\u00fcgung gestellt ( Ver\u00f6ffentlicht im Amtsblatt Nr. 163 vom 9. Juli 2021 <em>und<\/em> in \u00dcbereinstimmung mit Art. Art. 13 DSGVO (EU-Datenschutz-Grundverordnung Nr. 679\/2016).<\/p>\n<p><strong>Die Informationen werden von Blockchain Research SA<\/strong> mit Sitz in Via Cantonale, 110-112 \u2013 6818 Melano (CH) erstellt und aktualisiert .<\/p>\n<p>Es ist m\u00f6glich, sich an dieselben Kontaktdaten zu wenden, um die in der DSGVO vorgesehenen Rechte zugunsten des Interessenten auszu\u00fcben (Artikel 15 bis 21 und Artikel 34 der DSGVO: zum Beispiel Auskunft, L\u00f6schung, Aktualisierung, Berichtigung, Erg\u00e4nzung usw.). .<\/p>\n<p><strong>KEKSE<\/strong><\/p>\n<p>Bei Cookies handelt es sich in der Regel um Textzeichenfolgen, die vom Benutzer besuchte Websites (sogenannte Publisher oder \u201eErstanbieter\u201c) oder verschiedene Websites oder Webserver (sogenannte \u201eDrittanbieter\u201c) platzieren und speichern \u2013 im Fall von Publishern direkt und indirekt, d. h. \u00fcber letztere, bei \u201eDritten\u201c \u2013 innerhalb eines dem Nutzer selbst zur Verf\u00fcgung stehenden Endger\u00e4ts.<\/p>\n<p>Bei den Endger\u00e4ten handelt es sich beispielsweise um einen Computer, ein Tablet, ein Smartphone oder jedes andere Ger\u00e4t, das Informationen speichern kann. Schon heute und noch mehr in Zukunft m\u00fcssen dazu auch CDs geh\u00f6ren. IoT-Ger\u00e4te (Internet der Dinge), die darauf ausgelegt sind, sich mit dem Netzwerk und untereinander zu verbinden, um verschiedene Arten von Diensten bereitzustellen, die nicht unbedingt auf reine Kommunikation beschr\u00e4nkt sind.<\/p>\n<p>Software f\u00fcr das Surfen im Internet und den Betrieb dieser Ger\u00e4te, zum Beispiel Browser, kann Cookies speichern und sie dann bei einem sp\u00e4teren Besuch desselben Benutzers erneut an die Websites \u00fcbertragen, die sie generiert haben, und so die Erinnerung an seine vorherige Interaktion mit einer oder mehreren Websites bewahren Websites.<\/p>\n<p>Die in Cookies kodierten Informationen k\u00f6nnen personenbezogene Daten wie eine IP-Adresse, einen Benutzernamen, eine eindeutige Kennung oder eine E-Mail-Adresse umfassen, k\u00f6nnen aber auch nicht personenbezogene Daten wie Spracheinstellungen oder Informationen \u00fcber den Ger\u00e4tetyp einer Person enthalten verwendet, um auf der Website zu navigieren.<\/p>\n<p>Cookies k\u00f6nnen daher wichtige und unterschiedliche Funktionen erf\u00fcllen, einschlie\u00dflich der \u00dcberwachung von Sitzungen, der Speicherung von Informationen \u00fcber bestimmte Konfigurationen der Benutzer, die auf den Server zugreifen, der Erleichterung der Nutzung von Online-Inhalten usw. Sie k\u00f6nnen beispielsweise dazu verwendet werden, Artikel in einem Online-Einkaufswagen oder Informationen zum Ausf\u00fcllen eines Computerformulars zu verfolgen.<\/p>\n<p>Cookies und weitgehend auch andere Tracking-Tools k\u00f6nnen unterschiedliche zeitliche Eigenschaften aufweisen und werden daher auf der Grundlage ihrer Dauer (Sitzung oder dauerhaft) oder aus subjektiver Sicht (je nachdem, ob der Herausgeber unabh\u00e4ngig oder unabh\u00e4ngig handelt) ber\u00fccksichtigt im Namen des \u201eDritten\u201c).<\/p>\n<p>Die Klassifizierung, die der Begr\u00fcndung des Gesetzes und damit auch den Erfordernissen des pers\u00f6nlichen Schutzes entspricht, basiert letztlich auf Makrokategorien:<\/p>\n<p>\u2013 <strong>technische Cookies<\/strong> , die ausschlie\u00dflich zu dem Zweck verwendet werden, \u201edie \u00dcbertragung einer Kommunikation \u00fcber ein elektronisches Kommunikationsnetz durchzuf\u00fchren, oder soweit dies unbedingt erforderlich ist, damit der Anbieter eines Dienstes der Informationsgesellschaft, der vom Auftragnehmer oder Nutzer ausdr\u00fccklich zur Bereitstellung eines solchen Dienstes aufgefordert wird\u201c, (siehe Art. 122, Absatz 1 des Gesetzbuches);<\/p>\n<p>\u2013 <strong>Profiling-Cookies<\/strong> , die dazu verwendet werden, auf bestimmte, identifizierte oder identifizierbare Personen, bestimmte Aktionen oder wiederkehrende Verhaltensmuster bei der Nutzung der angebotenen Funktionen (Muster) zur\u00fcckzugreifen, um die verschiedenen Profile in homogenen Clustern unterschiedlicher Gr\u00f6\u00dfe zu gruppieren, so dass Dem Eigent\u00fcmer ist es unter anderem m\u00f6glich, die Bereitstellung des Dienstes zunehmend personalisierter zu gestalten, als dies f\u00fcr die Bereitstellung des Dienstes unbedingt erforderlich ist, sowie gezielte Werbebotschaften zu versenden, d. h. entsprechend den Pr\u00e4ferenzen vom Benutzer beim Surfen im Internet ge\u00e4u\u00dfert.<\/p>\n<p>\u2013 <strong>\u00dcberwachungs- oder \u201e <em>Analyse<\/em> \u201c -Cookies<\/strong><\/p>\n<p><em>Analyse-<\/em> Cookies werden verwendet, um statistische Informationen in aggregierter oder nicht aggregierter Form \u00fcber die Anzahl der Benutzer zu sammeln, die auf die Website zugreifen, und dar\u00fcber, wie sie die Website selbst besuchen. F\u00fcr <em>Analyse-<\/em> Cookies von Drittanbietern (z. B. Google), die eine Identifizierung der IP-Adresse des Nutzers erm\u00f6glichen, ist die Einwilligung des Nutzers erforderlich.<\/p>\n<p>Andernfalls k\u00f6nnen sie, wenn die unten aufgef\u00fchrten Bedingungen erf\u00fcllt sind, mit technischen Cookies gleichgesetzt werden und es ist nicht erforderlich, die Zustimmung des Benutzers einzuholen. Insbesondere wird verlangt, dass a) sie ausschlie\u00dflich zur Erstellung aggregierter Statistiken und in Bezug auf eine einzelne Website oder eine einzelne mobile Anwendung verwendet werden, b) mindestens der vierte Teil der IP-Adresse maskiert wird, c) Dritte sich enthalten Analyse-Cookies werden dadurch minimiert, mit anderen Verarbeitungen kombiniert oder an weitere Dritte \u00fcbermittelt.<\/p>\n<p>Cookies k\u00f6nnen auch klassifiziert werden als:<\/p>\n<ul>\n<li><strong>Sitzungscookies<\/strong> , die sofort gel\u00f6scht werden, wenn der Browser geschlossen wird (z. B. Internet Explorer, Safari, Google Chrome usw.);<\/li>\n<li><strong>Permanente Cookies<\/strong> , die \u2013 im Gegensatz zu Sitzungscookies \u2013 auf dem Ger\u00e4t verbleiben und auch nach dem Schlie\u00dfen des Browsers und bis zum Ablauf einer bestimmten Zeitspanne weiter funktionieren;<\/li>\n<li><strong>Erstanbieter-Cookies<\/strong> , d. h. Cookies, die direkt vom Betreiber der Website, auf der der Benutzer gerade surft, generiert und verwaltet werden;<\/li>\n<li><strong>Cookies von Drittanbietern<\/strong> , die von anderen Parteien als dem Betreiber der Website, auf der der Benutzer surft, generiert und verwaltet werden (normalerweise aufgrund eines Vertrags zwischen dem Eigent\u00fcmer der Website und dem Dritten).<\/li>\n<\/ul>\n<p><strong>Cookies und andere auf der Website vorhandene Tracking-Systeme:<\/strong><\/p>\n<\/div><script type=\"text\/javascript\" charset=\"UTF-8\"  data-cookiescriptreport=\"report\" src=\"\/\/report.cookie-script.com\/r\/d429e537211d947e3fea7c7d13c0c3d3.js\"><\/script><\/div><\/div><\/div><\/div>\n","protected":false},"excerpt":{"rendered":"","protected":false},"author":1,"featured_media":0,"parent":0,"menu_order":0,"comment_status":"closed","ping_status":"closed","template":"100-width.php","meta":{"footnotes":""},"class_list":["post-4084","page","type-page","status-publish","hentry"],"_links":{"self":[{"href":"https:\/\/www.blockchainresearch.ch\/de\/wp-json\/wp\/v2\/pages\/4084","targetHints":{"allow":["GET"]}}],"collection":[{"href":"https:\/\/www.blockchainresearch.ch\/de\/wp-json\/wp\/v2\/pages"}],"about":[{"href":"https:\/\/www.blockchainresearch.ch\/de\/wp-json\/wp\/v2\/types\/page"}],"author":[{"embeddable":true,"href":"https:\/\/www.blockchainresearch.ch\/de\/wp-json\/wp\/v2\/users\/1"}],"replies":[{"embeddable":true,"href":"https:\/\/www.blockchainresearch.ch\/de\/wp-json\/wp\/v2\/comments?post=4084"}],"version-history":[{"count":6,"href":"https:\/\/www.blockchainresearch.ch\/de\/wp-json\/wp\/v2\/pages\/4084\/revisions"}],"predecessor-version":[{"id":4394,"href":"https:\/\/www.blockchainresearch.ch\/de\/wp-json\/wp\/v2\/pages\/4084\/revisions\/4394"}],"wp:attachment":[{"href":"https:\/\/www.blockchainresearch.ch\/de\/wp-json\/wp\/v2\/media?parent=4084"}],"curies":[{"name":"wp","href":"https:\/\/api.w.org\/{rel}","templated":true}]}}